{"id":17,"date":"2011-09-26T20:23:14","date_gmt":"2011-09-26T18:23:14","guid":{"rendered":"https:\/\/www.miag.ch\/blogfreitagsclub\/?page_id=17"},"modified":"2023-01-28T17:51:25","modified_gmt":"2023-01-28T16:51:25","slug":"wie-blogge-ich","status":"publish","type":"page","link":"https:\/\/www.miag.ch\/blogfreitagsclub\/?page_id=17","title":{"rendered":"Wie blogge ich?"},"content":{"rendered":"<p>Lesen Sie&nbsp;die Beitr\u00e4ge&nbsp;und die Kommentare unter &#8222;Home&#8220;. Der neueste Beitrag und der neueste Kommentar sind immer zuoberst.<\/p>\n<p>Rechts k\u00f6nnen Sie&nbsp;nach Kategorien suchen.<\/p>\n<p>Auf der Liste&nbsp;rechts k\u00f6nnen Sie einzelne Beitr\u00e4ge oder Kommentare direkt aufrufen.<\/p>\n<p>Auf Ihrem Tablet oder Smartphone finden Sie ev. die Kategorien,&nbsp; die Liste der&nbsp;Beitr\u00e4ge und Kommentare, wenn Sie ganz nach unten scrollen.<\/p>\n<p>Weil wir in letzter Zeit wieder automatisch generierte Spam-Kommentare erhielten, haben wir die Eingabe von Kommentaren gesperrt.<\/p>\n<p>Es w\u00fcrde uns aber freuen, wenn Sie uns Kommentare mit E-Mail zuschicken. Adresse kontakt(at)miag.ch.<\/p>\n<p>Viel Spass beim Bloggen!<\/p>\n","protected":false},"excerpt":{"rendered":"<p>Lesen Sie&nbsp;die Beitr\u00e4ge&nbsp;und die Kommentare unter &#8222;Home&#8220;. Der neueste Beitrag und der neueste Kommentar sind immer zuoberst. Rechts k\u00f6nnen Sie&nbsp;nach Kategorien suchen. Auf der Liste&nbsp;rechts k\u00f6nnen Sie einzelne Beitr\u00e4ge oder Kommentare direkt aufrufen. Auf Ihrem Tablet oder Smartphone finden Sie ev. die Kategorien,&nbsp; die Liste der&nbsp;Beitr\u00e4ge und Kommentare, wenn Sie ganz nach unten scrollen. Weil [&hellip;]<\/p>\n","protected":false},"author":1,"featured_media":0,"parent":0,"menu_order":0,"comment_status":"closed","ping_status":"closed","template":"","meta":{"footnotes":""},"class_list":["post-17","page","type-page","status-publish","hentry"],"_links":{"self":[{"href":"https:\/\/www.miag.ch\/blogfreitagsclub\/index.php?rest_route=\/wp\/v2\/pages\/17","targetHints":{"allow":["GET"]}}],"collection":[{"href":"https:\/\/www.miag.ch\/blogfreitagsclub\/index.php?rest_route=\/wp\/v2\/pages"}],"about":[{"href":"https:\/\/www.miag.ch\/blogfreitagsclub\/index.php?rest_route=\/wp\/v2\/types\/page"}],"author":[{"embeddable":true,"href":"https:\/\/www.miag.ch\/blogfreitagsclub\/index.php?rest_route=\/wp\/v2\/users\/1"}],"replies":[{"embeddable":true,"href":"https:\/\/www.miag.ch\/blogfreitagsclub\/index.php?rest_route=%2Fwp%2Fv2%2Fcomments&post=17"}],"version-history":[{"count":28,"href":"https:\/\/www.miag.ch\/blogfreitagsclub\/index.php?rest_route=\/wp\/v2\/pages\/17\/revisions"}],"predecessor-version":[{"id":1261,"href":"https:\/\/www.miag.ch\/blogfreitagsclub\/index.php?rest_route=\/wp\/v2\/pages\/17\/revisions\/1261"}],"wp:attachment":[{"href":"https:\/\/www.miag.ch\/blogfreitagsclub\/index.php?rest_route=%2Fwp%2Fv2%2Fmedia&parent=17"}],"curies":[{"name":"wp","href":"https:\/\/api.w.org\/{rel}","templated":true}]}}